{"id":296,"date":"2018-05-29T18:36:27","date_gmt":"2018-05-29T16:36:27","guid":{"rendered":"http:\/\/ing-reihs.at\/?page_id=296"},"modified":"2018-05-29T18:44:32","modified_gmt":"2018-05-29T16:44:32","slug":"datenschutz","status":"publish","type":"page","link":"http:\/\/ing-reihs.at\/?page_id=296","title":{"rendered":"Datenschutz"},"content":{"rendered":"<p style=\"text-align: center;\">Erkl\u00e4rung zur Informationspflicht<\/p>\n<p style=\"text-align: center;\">(Datenschutzerkl\u00e4rung)<\/p>\n<p style=\"text-align: center;\">\nDer Schutz Ihrer pers\u00f6nlichen Daten ist uns wichtig. Wir verarbeiten Ihre Daten daher ausschlie\u00dflich auf Grundlage der gesetzlichen Bestimmungen (DSGVO, TKG). In diesen Datenschutzinformationen informieren wir Sie \u00fcber die wichtigsten Aspekte der Datenverarbeitung im Rahmen unserer Webseite.<\/p>\n<p>Wenn Sie per mail mit uns in Kontakt treten wollen, werden Ihre angegebenen Daten zwecks Bearbeitung der Anfrage und f\u00fcr den Fall von Anschlussfragen bei uns gespeichert, bis Sie einen Widerruf begehen. Diese Daten geben wir nicht ohne Ihre Einwilligung weiter.<\/p>\n<p>Ihnen stehen grunds\u00e4tzlich die Rechte auf Auskunft, Berichtigung, L\u00f6schung, Einschr\u00e4nkung, Daten\u00fcbertragbarkeit, Widerruf und Widerspruch zu. Wenn Sie glauben, dass die Verarbeitung Ihrer Daten gegen das Datenschutzrecht verst\u00f6\u00dft oder Ihre datenschutzrechtlichen Anspr\u00fcche sonst in einer Weise verletzt worden sind, k\u00f6nnen Sie sich bei der Aufsichtsbeh\u00f6rde beschweren. In \u00d6sterreich ist dies die Datenschutzbeh\u00f6rde.\n<\/p>\n<p><\/br><\/p>\n<p style=\"text-align: center;\">Unsere Kontaktdaten:<\/p>\n<p style=\"text-align: center;\">E-Mail:\u00a0<a href=\"mailto:firma@ing-reihs.at\">firma@ing-reihs.at<\/a><\/p>\n<p style=\"text-align: center;\">Telefon: +43 (0) 2628 64636<\/p>\n<p style=\"text-align: center;\">Handy: +43 (0) 676 60 11 643<\/p>\n<p style=\"text-align: center;\">Fax: +43 (0) 2628 64636<\/p>\n","protected":false},"excerpt":{"rendered":"<p>Erkl\u00e4rung zur Informationspflicht (Datenschutzerkl\u00e4rung) Der Schutz Ihrer pers\u00f6nlichen Daten ist uns wichtig. Wir verarbeiten Ihre Daten daher ausschlie\u00dflich auf Grundlage der gesetzlichen Bestimmungen (DSGVO, TKG). In diesen Datenschutzinformationen informieren wir Sie \u00fcber die wichtigsten Aspekte der Datenverarbeitung im Rahmen unserer Webseite. Wenn Sie per mail mit uns in Kontakt treten wollen, werden Ihre angegebenen Daten [&hellip;]<\/p>\n","protected":false},"author":1,"featured_media":0,"parent":0,"menu_order":0,"comment_status":"closed","ping_status":"closed","template":"page-full.php","meta":{"_monsterinsights_skip_tracking":false,"_monsterinsights_sitenote_active":false,"_monsterinsights_sitenote_note":"","_monsterinsights_sitenote_category":0,"footnotes":""},"_links":{"self":[{"href":"http:\/\/ing-reihs.at\/index.php?rest_route=\/wp\/v2\/pages\/296"}],"collection":[{"href":"http:\/\/ing-reihs.at\/index.php?rest_route=\/wp\/v2\/pages"}],"about":[{"href":"http:\/\/ing-reihs.at\/index.php?rest_route=\/wp\/v2\/types\/page"}],"author":[{"embeddable":true,"href":"http:\/\/ing-reihs.at\/index.php?rest_route=\/wp\/v2\/users\/1"}],"replies":[{"embeddable":true,"href":"http:\/\/ing-reihs.at\/index.php?rest_route=%2Fwp%2Fv2%2Fcomments&post=296"}],"version-history":[{"count":9,"href":"http:\/\/ing-reihs.at\/index.php?rest_route=\/wp\/v2\/pages\/296\/revisions"}],"predecessor-version":[{"id":306,"href":"http:\/\/ing-reihs.at\/index.php?rest_route=\/wp\/v2\/pages\/296\/revisions\/306"}],"wp:attachment":[{"href":"http:\/\/ing-reihs.at\/index.php?rest_route=%2Fwp%2Fv2%2Fmedia&parent=296"}],"curies":[{"name":"wp","href":"https:\/\/api.w.org\/{rel}","templated":true}]}}