{"id":271,"date":"2014-05-31T19:16:52","date_gmt":"2014-05-31T17:16:52","guid":{"rendered":"http:\/\/ing-reihs.at\/?page_id=271"},"modified":"2014-05-31T19:40:38","modified_gmt":"2014-05-31T17:40:38","slug":"jura","status":"publish","type":"page","link":"http:\/\/ing-reihs.at\/?page_id=271","title":{"rendered":"Jura"},"content":{"rendered":"<p style=\"text-align: center;\">Wir sind offizieller Jura Partner!<\/p>\n<p style=\"text-align: center;\">Bei uns k\u00f6nnen sie nicht nur s\u00e4mtliche Kaffeevollautomaten erwerben,<\/p>\n<p style=\"text-align: center;\">sondern erhalten zus\u00e4tzlich auch eine kompetente Beratung.<\/p>\n<p style=\"text-align: center;\">&#8222;A Coffee by Reihs is always nice!&#8220;<\/p>\n<p style=\"text-align: center;\"><a href=\"http:\/\/ing-reihs.at\/wp-content\/uploads\/2014\/05\/jura_2.png\"><img loading=\"lazy\" decoding=\"async\" class=\"alignnone size-full wp-image-277\" src=\"http:\/\/ing-reihs.at\/wp-content\/uploads\/2014\/05\/jura_2.png\" alt=\"jura_2\" width=\"413\" height=\"235\" \/><\/a><\/p>\n","protected":false},"excerpt":{"rendered":"<p>Wir sind offizieller Jura Partner! Bei uns k\u00f6nnen sie nicht nur s\u00e4mtliche Kaffeevollautomaten erwerben, sondern erhalten zus\u00e4tzlich auch eine kompetente Beratung. &#8222;A Coffee by Reihs is always nice!&#8220;<\/p>\n","protected":false},"author":1,"featured_media":277,"parent":0,"menu_order":0,"comment_status":"open","ping_status":"open","template":"page-full.php","meta":{"_monsterinsights_skip_tracking":false,"_monsterinsights_sitenote_active":false,"_monsterinsights_sitenote_note":"","_monsterinsights_sitenote_category":0,"footnotes":""},"_links":{"self":[{"href":"http:\/\/ing-reihs.at\/index.php?rest_route=\/wp\/v2\/pages\/271"}],"collection":[{"href":"http:\/\/ing-reihs.at\/index.php?rest_route=\/wp\/v2\/pages"}],"about":[{"href":"http:\/\/ing-reihs.at\/index.php?rest_route=\/wp\/v2\/types\/page"}],"author":[{"embeddable":true,"href":"http:\/\/ing-reihs.at\/index.php?rest_route=\/wp\/v2\/users\/1"}],"replies":[{"embeddable":true,"href":"http:\/\/ing-reihs.at\/index.php?rest_route=%2Fwp%2Fv2%2Fcomments&post=271"}],"version-history":[{"count":10,"href":"http:\/\/ing-reihs.at\/index.php?rest_route=\/wp\/v2\/pages\/271\/revisions"}],"predecessor-version":[{"id":285,"href":"http:\/\/ing-reihs.at\/index.php?rest_route=\/wp\/v2\/pages\/271\/revisions\/285"}],"wp:featuredmedia":[{"embeddable":true,"href":"http:\/\/ing-reihs.at\/index.php?rest_route=\/wp\/v2\/media\/277"}],"wp:attachment":[{"href":"http:\/\/ing-reihs.at\/index.php?rest_route=%2Fwp%2Fv2%2Fmedia&parent=271"}],"curies":[{"name":"wp","href":"https:\/\/api.w.org\/{rel}","templated":true}]}}