{"id":2,"date":"2013-06-01T12:46:25","date_gmt":"2013-06-01T12:46:25","guid":{"rendered":"http:\/\/localhost\/wordpress\/?page_id=2"},"modified":"2013-06-03T14:48:38","modified_gmt":"2013-06-03T12:48:38","slug":"beispiel-seite","status":"publish","type":"page","link":"http:\/\/ing-reihs.at\/?page_id=2","title":{"rendered":"Neuger\u00e4te"},"content":{"rendered":"<p style=\"text-align: center;\">Sollte eine Reparatur aus wirtschaftlichen Gr\u00fcnden nicht rentabel sein,<\/p>\n<p style=\"text-align: center;\">erhalten Sie bei\u00a0uns auch Neuger\u00e4te.\u00a0Dabei sind wir bem\u00fcht,<\/p>\n<p style=\"text-align: center;\">das f\u00fcr Sie beste\u00a0Ger\u00e4t zu finden.<\/p>\n<p style=\"text-align: center;\">Uns ist\u00a0wichtig, Sie als zufriedenen Kunden wieder begr\u00fc\u00dfen zu d\u00fcrfen.<\/p>\n<p style=\"text-align: center;\">\n<p style=\"text-align: center;\"><a href=\"http:\/\/ing-reihs.at\/wp-content\/uploads\/2013\/06\/neu.png\"><img loading=\"lazy\" decoding=\"async\" class=\"alignnone size-full wp-image-35\" alt=\"neu\" src=\"http:\/\/ing-reihs.at\/wp-content\/uploads\/2013\/06\/neu.png\" width=\"300\" height=\"240\" \/><\/a><\/p>\n","protected":false},"excerpt":{"rendered":"<p>Sollte eine Reparatur aus wirtschaftlichen Gr\u00fcnden nicht rentabel sein, erhalten Sie bei\u00a0uns auch Neuger\u00e4te.\u00a0Dabei sind wir bem\u00fcht, das f\u00fcr Sie beste\u00a0Ger\u00e4t zu finden. Uns ist\u00a0wichtig, Sie als zufriedenen Kunden wieder begr\u00fc\u00dfen zu d\u00fcrfen.<\/p>\n","protected":false},"author":1,"featured_media":143,"parent":0,"menu_order":0,"comment_status":"open","ping_status":"open","template":"page-full.php","meta":{"_monsterinsights_skip_tracking":false,"_monsterinsights_sitenote_active":false,"_monsterinsights_sitenote_note":"","_monsterinsights_sitenote_category":0,"footnotes":""},"_links":{"self":[{"href":"http:\/\/ing-reihs.at\/index.php?rest_route=\/wp\/v2\/pages\/2"}],"collection":[{"href":"http:\/\/ing-reihs.at\/index.php?rest_route=\/wp\/v2\/pages"}],"about":[{"href":"http:\/\/ing-reihs.at\/index.php?rest_route=\/wp\/v2\/types\/page"}],"author":[{"embeddable":true,"href":"http:\/\/ing-reihs.at\/index.php?rest_route=\/wp\/v2\/users\/1"}],"replies":[{"embeddable":true,"href":"http:\/\/ing-reihs.at\/index.php?rest_route=%2Fwp%2Fv2%2Fcomments&post=2"}],"version-history":[{"count":9,"href":"http:\/\/ing-reihs.at\/index.php?rest_route=\/wp\/v2\/pages\/2\/revisions"}],"predecessor-version":[{"id":215,"href":"http:\/\/ing-reihs.at\/index.php?rest_route=\/wp\/v2\/pages\/2\/revisions\/215"}],"wp:featuredmedia":[{"embeddable":true,"href":"http:\/\/ing-reihs.at\/index.php?rest_route=\/wp\/v2\/media\/143"}],"wp:attachment":[{"href":"http:\/\/ing-reihs.at\/index.php?rest_route=%2Fwp%2Fv2%2Fmedia&parent=2"}],"curies":[{"name":"wp","href":"https:\/\/api.w.org\/{rel}","templated":true}]}}