{"id":11,"date":"2013-06-01T15:20:30","date_gmt":"2013-06-01T13:20:30","guid":{"rendered":"http:\/\/localhost\/wordpress\/?page_id=11"},"modified":"2014-10-15T08:31:01","modified_gmt":"2014-10-15T06:31:01","slug":"reparaturen","status":"publish","type":"page","link":"http:\/\/ing-reihs.at\/?page_id=11","title":{"rendered":"Reparaturen"},"content":{"rendered":"<p style=\"text-align: center;\">Selbst das Beste und teuerste Ger\u00e4t hat fr\u00fcher oder sp\u00e4ter einen Defekt.<\/p>\n<p style=\"text-align: center;\">Durch\u00a0unsere langj\u00e4hrige Erfahrung und st\u00e4ndige Weiterbildung sind Reparaturen fast<\/p>\n<p style=\"text-align: center;\">immer wirtschaftlich rentabel. Aufgrund unseres gut sortierten Ersatzteillagers sind<\/p>\n<p style=\"text-align: center;\">auch die Reparaturzeiten sehr kurz.<\/p>\n<p style=\"text-align: center;\">Wir reparieren alle elektronischen Ger\u00e4te jeden Herstellers.<\/p>\n<p style=\"text-align: center;\">Dies umfasst z.B. Fernseher, Videorecorder, DVD Player \/ Recorder,<\/p>\n<p style=\"text-align: center;\">Satreceiver, Stereoanlagen, Kaffeevollautomaten, Verst\u00e4rker,<\/p>\n<p style=\"text-align: center;\">CD Player, Tuner, Computermonitore und vieles mehr.<\/p>\n<p style=\"text-align: center;\">\n<p style=\"text-align: center;\"><a href=\"http:\/\/ing-reihs.at\/wp-content\/uploads\/2013\/06\/reparatur2.png\"><img loading=\"lazy\" decoding=\"async\" class=\"alignnone size-full wp-image-37\" alt=\"reparatur2\" src=\"http:\/\/ing-reihs.at\/wp-content\/uploads\/2013\/06\/reparatur2.png\" width=\"661\" height=\"163\" srcset=\"http:\/\/ing-reihs.at\/wp-content\/uploads\/2013\/06\/reparatur2.png 661w, http:\/\/ing-reihs.at\/wp-content\/uploads\/2013\/06\/reparatur2-300x73.png 300w\" sizes=\"(max-width: 661px) 100vw, 661px\" \/><\/a><\/p>\n","protected":false},"excerpt":{"rendered":"<p>Selbst das Beste und teuerste Ger\u00e4t hat fr\u00fcher oder sp\u00e4ter einen Defekt. Durch\u00a0unsere langj\u00e4hrige Erfahrung und st\u00e4ndige Weiterbildung sind Reparaturen fast immer wirtschaftlich rentabel. Aufgrund unseres gut sortierten Ersatzteillagers sind auch die Reparaturzeiten sehr kurz. Wir reparieren alle elektronischen Ger\u00e4te jeden Herstellers. Dies umfasst z.B. Fernseher, Videorecorder, DVD Player \/ Recorder, Satreceiver, Stereoanlagen, Kaffeevollautomaten, Verst\u00e4rker, [&hellip;]<\/p>\n","protected":false},"author":1,"featured_media":141,"parent":0,"menu_order":0,"comment_status":"open","ping_status":"open","template":"page-full.php","meta":{"_monsterinsights_skip_tracking":false,"_monsterinsights_sitenote_active":false,"_monsterinsights_sitenote_note":"","_monsterinsights_sitenote_category":0,"footnotes":""},"_links":{"self":[{"href":"http:\/\/ing-reihs.at\/index.php?rest_route=\/wp\/v2\/pages\/11"}],"collection":[{"href":"http:\/\/ing-reihs.at\/index.php?rest_route=\/wp\/v2\/pages"}],"about":[{"href":"http:\/\/ing-reihs.at\/index.php?rest_route=\/wp\/v2\/types\/page"}],"author":[{"embeddable":true,"href":"http:\/\/ing-reihs.at\/index.php?rest_route=\/wp\/v2\/users\/1"}],"replies":[{"embeddable":true,"href":"http:\/\/ing-reihs.at\/index.php?rest_route=%2Fwp%2Fv2%2Fcomments&post=11"}],"version-history":[{"count":11,"href":"http:\/\/ing-reihs.at\/index.php?rest_route=\/wp\/v2\/pages\/11\/revisions"}],"predecessor-version":[{"id":288,"href":"http:\/\/ing-reihs.at\/index.php?rest_route=\/wp\/v2\/pages\/11\/revisions\/288"}],"wp:featuredmedia":[{"embeddable":true,"href":"http:\/\/ing-reihs.at\/index.php?rest_route=\/wp\/v2\/media\/141"}],"wp:attachment":[{"href":"http:\/\/ing-reihs.at\/index.php?rest_route=%2Fwp%2Fv2%2Fmedia&parent=11"}],"curies":[{"name":"wp","href":"https:\/\/api.w.org\/{rel}","templated":true}]}}